{"id":12014,"date":"2025-07-20T14:22:20","date_gmt":"2025-07-20T22:22:20","guid":{"rendered":"https:\/\/nassftravel.com\/?page_id=12014"},"modified":"2025-07-23T12:29:37","modified_gmt":"2025-07-23T20:29:37","slug":"medios-de-pagos","status":"publish","type":"page","link":"https:\/\/nassftravel.com\/en\/medios-de-pagos\/","title":{"rendered":"Payment methods"},"content":{"rendered":"<section class=\"l-section wpb_row w-iconbox-text height_medium\"><div class=\"l-section-h i-cf\"><div class=\"g-cols vc_row via_grid cols_1 laptops-cols_inherit tablets-cols_inherit mobiles-cols_1 valign_top type_default stacking_default\"><div class=\"wpb_column vc_column_container\"><div class=\"vc_column-inner\"><h4 class=\"w-text\"><span class=\"w-text-h\"><span class=\"w-text-value\">Wire transfer<\/span><\/span><\/h4><div class=\"wpb_text_column\"><div class=\"wpb_wrapper\"><p><strong>Company details:<\/strong><br \/>\nRaz\u00f3n Social: Naturaleza Sostenible Sin Fronteras SAC<br \/>\nRUC: 20550942179 - Domicilio fiscal: Jr. Olmedo 537 int. A 302 Bre\u00f1a<br \/>\nN\u00b0 celular: + 51 971881685<\/p>\n<p class=\"translation-block\"><strong>Transfer to Banco de Cr\u00e9dito del Per\u00fa<\/strong><br>\nDollar Savings Account: 191 \u2013 71499633-1-49<br>\nInterbank Account Code: 002 191 17149963314957<br>\nBank Swift code: BCPLPEPL<\/p>\n<p class=\"translation-block\"><strong>Note:<\/strong> Send payment voucher to reservas@nassftravel.com mail or whatsapp +51971881685<\/p>\n<\/div><\/div><div class=\"w-actionbox us_custom_057801f8 color_light controls_bottom\"><div class=\"w-actionbox-text\"><\/div><div class=\"w-actionbox-controls\"><a class=\"w-btn us-btn-style_11\" href=\"https:\/\/wa.me\/message\/FS57HZ5ECXMOB1\"><span class=\"w-btn-label\">Enviar por whatsapp<\/span><\/a><\/div><\/div><h4 class=\"w-text\"><span class=\"w-text-h\"><span class=\"w-text-value\">Izipay payment gateway<\/span><\/span><\/h4><div class=\"w-image us_custom_1f257949 align_center\"><a target=\"_blank\" rel=\"nofollow\" href=\"https:\/\/secure.micuentaweb.pe\/vads-site\/IZI_NASSF_TRAVEL0\" aria-label=\"logo-bancos-nassftravel\" class=\"w-image-h\"><img decoding=\"async\" width=\"450\" height=\"84\" src=\"https:\/\/nassftravel.com\/wp-content\/uploads\/2025\/07\/logo-bancos-nassftravel.jpg\" class=\"attachment-full size-full\" alt=\"\" loading=\"lazy\" srcset=\"https:\/\/nassftravel.com\/wp-content\/uploads\/2025\/07\/logo-bancos-nassftravel.jpg 450w, https:\/\/nassftravel.com\/wp-content\/uploads\/2025\/07\/logo-bancos-nassftravel-300x56.jpg 300w, https:\/\/nassftravel.com\/wp-content\/uploads\/2025\/07\/logo-bancos-nassftravel-18x3.jpg 18w\" sizes=\"auto, (max-width: 450px) 100vw, 450px\" \/><\/a><\/div><div class=\"w-text\"><span class=\"w-text-h\"><span class=\"w-text-value\">Note: izipay does not apply for domestic or international air tickets<\/span><\/span><\/div><h6 class=\"w-text no_text\"><span class=\"w-text-h\"><span class=\"w-text-value\"><\/span><\/span><\/h6><\/div><\/div><\/div><\/div><\/section>","protected":false},"excerpt":{"rendered":"Transferencia bancariaDatos de la empresa: Raz\u00f3n Social: Naturaleza Sostenible Sin Fronteras SAC RUC: 20550942179 &#8211; Domicilio fiscal: Jr. Olmedo 537 int. A 302 Bre\u00f1a N\u00b0 celular: + 51 971881685 Transferencia al Banco de Cr\u00e9dito del Per\u00fa Cuenta de Ahorros en D\u00f3lares: 191 \u2013 71499633-1-49 C\u00f3digo Cuenta Interbancario: 002 191 17149963314957 C\u00f3digo Swift del banco: BCPLPEPL...","protected":false},"author":1,"featured_media":0,"parent":0,"menu_order":0,"comment_status":"closed","ping_status":"closed","template":"","meta":{"_acf_changed":false,"footnotes":""},"class_list":["post-12014","page","type-page","status-publish","hentry"],"acf":[],"yoast_head":"<!-- This site is optimized with the Yoast SEO plugin v26.3 - https:\/\/yoast.com\/wordpress\/plugins\/seo\/ -->\n<title>Medios de Pagos - Nassf Travel<\/title>\n<meta name=\"robots\" content=\"index, follow, max-snippet:-1, max-image-preview:large, max-video-preview:-1\" \/>\n<link rel=\"canonical\" href=\"https:\/\/nassftravel.com\/en\/medios-de-pagos\/\" \/>\n<meta property=\"og:locale\" content=\"en_US\" \/>\n<meta property=\"og:type\" content=\"article\" \/>\n<meta property=\"og:title\" content=\"Medios de Pagos - Nassf Travel\" \/>\n<meta property=\"og:url\" content=\"https:\/\/nassftravel.com\/en\/medios-de-pagos\/\" \/>\n<meta property=\"og:site_name\" content=\"Nassf Travel\" \/>\n<meta property=\"article:publisher\" content=\"https:\/\/www.facebook.com\/NassfTravel\/\" \/>\n<meta property=\"article:modified_time\" content=\"2025-07-23T20:29:37+00:00\" \/>\n<meta name=\"twitter:card\" content=\"summary_large_image\" \/>\n<meta name=\"twitter:site\" content=\"@NassfTravel\" \/>\n<meta name=\"twitter:label1\" content=\"Est. reading time\" \/>\n\t<meta name=\"twitter:data1\" content=\"1 minute\" \/>\n<script type=\"application\/ld+json\" class=\"yoast-schema-graph\">{\"@context\":\"https:\/\/schema.org\",\"@graph\":[{\"@type\":\"WebPage\",\"@id\":\"https:\/\/nassftravel.com\/medios-de-pagos\/\",\"url\":\"https:\/\/nassftravel.com\/medios-de-pagos\/\",\"name\":\"Medios de Pagos - Nassf Travel\",\"isPartOf\":{\"@id\":\"https:\/\/nassftravel.com\/#website\"},\"datePublished\":\"2025-07-20T22:22:20+00:00\",\"dateModified\":\"2025-07-23T20:29:37+00:00\",\"breadcrumb\":{\"@id\":\"https:\/\/nassftravel.com\/medios-de-pagos\/#breadcrumb\"},\"inLanguage\":\"en-US\",\"potentialAction\":[{\"@type\":\"ReadAction\",\"target\":[\"https:\/\/nassftravel.com\/medios-de-pagos\/\"]}]},{\"@type\":\"BreadcrumbList\",\"@id\":\"https:\/\/nassftravel.com\/medios-de-pagos\/#breadcrumb\",\"itemListElement\":[{\"@type\":\"ListItem\",\"position\":1,\"name\":\"Portada\",\"item\":\"https:\/\/nassftravel.com\/\"},{\"@type\":\"ListItem\",\"position\":2,\"name\":\"Medios de Pagos\"}]},{\"@type\":\"WebSite\",\"@id\":\"https:\/\/nassftravel.com\/#website\",\"url\":\"https:\/\/nassftravel.com\/\",\"name\":\"Nassf Travel\",\"description\":\"\",\"publisher\":{\"@id\":\"https:\/\/nassftravel.com\/#organization\"},\"potentialAction\":[{\"@type\":\"SearchAction\",\"target\":{\"@type\":\"EntryPoint\",\"urlTemplate\":\"https:\/\/nassftravel.com\/?s={search_term_string}\"},\"query-input\":{\"@type\":\"PropertyValueSpecification\",\"valueRequired\":true,\"valueName\":\"search_term_string\"}}],\"inLanguage\":\"en-US\"},{\"@type\":\"Organization\",\"@id\":\"https:\/\/nassftravel.com\/#organization\",\"name\":\"Agencia de Viajes\",\"url\":\"https:\/\/nassftravel.com\/\",\"logo\":{\"@type\":\"ImageObject\",\"inLanguage\":\"en-US\",\"@id\":\"https:\/\/nassftravel.com\/#\/schema\/logo\/image\/\",\"url\":\"https:\/\/nassftravel.com\/wp-content\/uploads\/2025\/07\/logo.jpg\",\"contentUrl\":\"https:\/\/nassftravel.com\/wp-content\/uploads\/2025\/07\/logo.jpg\",\"width\":500,\"height\":298,\"caption\":\"Agencia de Viajes\"},\"image\":{\"@id\":\"https:\/\/nassftravel.com\/#\/schema\/logo\/image\/\"},\"sameAs\":[\"https:\/\/www.facebook.com\/NassfTravel\/\",\"https:\/\/x.com\/NassfTravel\",\"https:\/\/www.instagram.com\/nassftravel\/\",\"https:\/\/www.tiktok.com\/@nassftravel\",\"https:\/\/www.linkedin.com\/company\/nassftravel\/\",\"https:\/\/www.youtube.com\/c\/NassfTravel\"]}]}<\/script>\n<!-- \/ Yoast SEO plugin. -->","yoast_head_json":{"title":"Medios de Pagos - Nassf Travel","robots":{"index":"index","follow":"follow","max-snippet":"max-snippet:-1","max-image-preview":"max-image-preview:large","max-video-preview":"max-video-preview:-1"},"canonical":"https:\/\/nassftravel.com\/en\/medios-de-pagos\/","og_locale":"en_US","og_type":"article","og_title":"Medios de Pagos - Nassf Travel","og_url":"https:\/\/nassftravel.com\/en\/medios-de-pagos\/","og_site_name":"Nassf Travel","article_publisher":"https:\/\/www.facebook.com\/NassfTravel\/","article_modified_time":"2025-07-23T20:29:37+00:00","twitter_card":"summary_large_image","twitter_site":"@NassfTravel","twitter_misc":{"Est. reading time":"1 minute"},"schema":{"@context":"https:\/\/schema.org","@graph":[{"@type":"WebPage","@id":"https:\/\/nassftravel.com\/medios-de-pagos\/","url":"https:\/\/nassftravel.com\/medios-de-pagos\/","name":"Medios de Pagos - Nassf Travel","isPartOf":{"@id":"https:\/\/nassftravel.com\/#website"},"datePublished":"2025-07-20T22:22:20+00:00","dateModified":"2025-07-23T20:29:37+00:00","breadcrumb":{"@id":"https:\/\/nassftravel.com\/medios-de-pagos\/#breadcrumb"},"inLanguage":"en-US","potentialAction":[{"@type":"ReadAction","target":["https:\/\/nassftravel.com\/medios-de-pagos\/"]}]},{"@type":"BreadcrumbList","@id":"https:\/\/nassftravel.com\/medios-de-pagos\/#breadcrumb","itemListElement":[{"@type":"ListItem","position":1,"name":"Portada","item":"https:\/\/nassftravel.com\/"},{"@type":"ListItem","position":2,"name":"Medios de Pagos"}]},{"@type":"WebSite","@id":"https:\/\/nassftravel.com\/#website","url":"https:\/\/nassftravel.com\/","name":"Nassf Travel","description":"","publisher":{"@id":"https:\/\/nassftravel.com\/#organization"},"potentialAction":[{"@type":"SearchAction","target":{"@type":"EntryPoint","urlTemplate":"https:\/\/nassftravel.com\/?s={search_term_string}"},"query-input":{"@type":"PropertyValueSpecification","valueRequired":true,"valueName":"search_term_string"}}],"inLanguage":"en-US"},{"@type":"Organization","@id":"https:\/\/nassftravel.com\/#organization","name":"Agencia de Viajes","url":"https:\/\/nassftravel.com\/","logo":{"@type":"ImageObject","inLanguage":"en-US","@id":"https:\/\/nassftravel.com\/#\/schema\/logo\/image\/","url":"https:\/\/nassftravel.com\/wp-content\/uploads\/2025\/07\/logo.jpg","contentUrl":"https:\/\/nassftravel.com\/wp-content\/uploads\/2025\/07\/logo.jpg","width":500,"height":298,"caption":"Agencia de Viajes"},"image":{"@id":"https:\/\/nassftravel.com\/#\/schema\/logo\/image\/"},"sameAs":["https:\/\/www.facebook.com\/NassfTravel\/","https:\/\/x.com\/NassfTravel","https:\/\/www.instagram.com\/nassftravel\/","https:\/\/www.tiktok.com\/@nassftravel","https:\/\/www.linkedin.com\/company\/nassftravel\/","https:\/\/www.youtube.com\/c\/NassfTravel"]}]}},"_links":{"self":[{"href":"https:\/\/nassftravel.com\/en\/wp-json\/wp\/v2\/pages\/12014","targetHints":{"allow":["GET"]}}],"collection":[{"href":"https:\/\/nassftravel.com\/en\/wp-json\/wp\/v2\/pages"}],"about":[{"href":"https:\/\/nassftravel.com\/en\/wp-json\/wp\/v2\/types\/page"}],"author":[{"embeddable":true,"href":"https:\/\/nassftravel.com\/en\/wp-json\/wp\/v2\/users\/1"}],"replies":[{"embeddable":true,"href":"https:\/\/nassftravel.com\/en\/wp-json\/wp\/v2\/comments?post=12014"}],"version-history":[{"count":0,"href":"https:\/\/nassftravel.com\/en\/wp-json\/wp\/v2\/pages\/12014\/revisions"}],"wp:attachment":[{"href":"https:\/\/nassftravel.com\/en\/wp-json\/wp\/v2\/media?parent=12014"}],"curies":[{"name":"wp","href":"https:\/\/api.w.org\/{rel}","templated":true}]}}