{"id":3,"date":"2025-07-19T18:03:53","date_gmt":"2025-07-19T16:03:53","guid":{"rendered":"https:\/\/nassftravel.com\/?page_id=3"},"modified":"2025-07-23T13:18:05","modified_gmt":"2025-07-23T21:18:05","slug":"politica-privacidad","status":"publish","type":"page","link":"https:\/\/nassftravel.com\/en\/politica-privacidad\/","title":{"rendered":"Privacy Policy"},"content":{"rendered":"<section class=\"l-section wpb_row w-iconbox-text height_medium\"><div class=\"l-section-h i-cf\"><div class=\"g-cols vc_row via_grid cols_1 laptops-cols_inherit tablets-cols_inherit mobiles-cols_1 valign_top type_default stacking_default\"><div class=\"wpb_column vc_column_container\"><div class=\"vc_column-inner\"><h4 class=\"w-text\"><span class=\"w-text-h\"><span class=\"w-text-value\">1. Privacy and Security Policy<\/span><\/span><\/h4><div class=\"wpb_text_column\"><div class=\"wpb_wrapper\"><p>The following information about our Privacy Policy reflects the commitment of Nassf Travel S.A.C to maintain and guarantee secure business relationships through the protection of personal data, guaranteeing the right to privacy of each of the users of our services. In this document we explain how we use the personal data of website users.<br \/>\nLos datos que solicitamos y almacenamos mediante nuestros formularios son propiedad de , los cuales tienen como finalidad mejorar la experiencia de compra y que esta sea segura y eficiente. La empresa protege tu informaci\u00f3n personal y respeta tu privacidad, es por ello que estos datos proporcionados son confidenciales y ser\u00e1n parte de ning\u00fan tratamiento de datos por parte de terceros.<\/p>\n<\/div><\/div><h4 class=\"w-text\"><span class=\"w-text-h\"><span class=\"w-text-value\">2. Acceptance of the terms<\/span><\/span><\/h4><div class=\"wpb_text_column\"><div class=\"wpb_wrapper\"><p style=\"text-align: justify;\">Users, customers and visitors should be aware that Internet security measures are not invincible. Therefore, the user is primarily responsible for adopting the necessary security measures to protect their credit card number and other personal information they deem relevant. To enter the website, the client is recommended to write directly https:\/\/nassftravel.com and not access through any link.<\/p>\n<\/div><\/div><h4 class=\"w-text\"><span class=\"w-text-h\"><span class=\"w-text-value\">3.- Information about our official privacy policy and how to contact you<\/span><\/span><\/h4><div class=\"wpb_text_column\"><div class=\"wpb_wrapper\"><p>Nassf Travel develops its privacy policy and treatment of personal data in accordance with the guiding principles established in Law No. 29733 on the Protection of Personal Data, therefore, the person designated to be our official privacy policy exercises the following:<\/p>\n<ul>\n<li>Respond to the requests of the owners for the exercise of their rights<\/li>\n<li>Promote and ensure the protection of personal data that we have in our possession.<\/li>\n<\/ul>\n<p>For everything related to the treatment and protection of your personal data, you can contact our official privacy email by sending an email to the following address: <a href=\"mailto:reservas@nassftravel.com\">reservas@nassftravel.com<\/a> Thus, as well as by our WhatsApp number: <u>+51 971 881 685<\/u><\/p>\n<\/div><\/div><h4 class=\"w-text\"><span class=\"w-text-h\"><span class=\"w-text-value\">4. \u2013 Personal data we collect<\/span><\/span><\/h4><div class=\"wpb_text_column\"><div class=\"wpb_wrapper\"><p>In order to make the due offer of services, the client must provide us with some personal data, and must present the following:<\/p>\n<p class=\"translation-block\">\u2022 Copy of Identity Document or passport (if necessary)<br>\n\u2022 Name and surname<br>\n\u2022 Birthdate<br>\n\u2022 Cell number<br>\n\u2022 Email<br>\n\u2022 Food restrictions and\/or allergies (if necessary)<\/p>\n<p>Likewise, make the client aware that if the company needs any other document or any other information, they will contact you previously.<\/p>\n<p>Communication with you will be done through two sites:<br \/>\nEmail: reservas@nassftravel.com WhatsApp: +51 971 881 685<\/p>\n<p><strong>\u00a0<\/strong><\/p>\n<\/div><\/div><h4 class=\"w-text\"><span class=\"w-text-h\"><span class=\"w-text-value\">4. \u2013 Personal data we collect<\/span><\/span><\/h4><div class=\"wpb_text_column\"><div class=\"wpb_wrapper\"><p>In order for you to travel, it may be mandatory (if required by the Administration at the points of departure and\/or arrival) to disclose and process your personal data for purposes of immigration, customs control, security and anti-terrorism, and with any other purpose they deem appropriate. We may share the minimum necessary personal data with other public authorities if we are required or empowered by law to do so.<\/p>\n<\/div><\/div><h4 class=\"w-text\"><span class=\"w-text-h\"><span class=\"w-text-value\">5.- Purposes of processing the personal data collected.<\/span><\/span><\/h4><div class=\"wpb_text_column\"><div class=\"wpb_wrapper\"><p>Personal data is collected for the following primary and secondary purposes:<\/p>\n<p>a) Primaries. Personal data is collected for the following primary purposes:<\/p>\n<p class=\"translation-block\">\u2022 Identify and contact you.<br>\n\u2022 Being able to manage your reservation of any of the requested services, deliver the products, provide the services you wish to contract, help you with any order and\/or changes you request.<br>\n\u2022 Try to provide you with a quality telephone service, for which we can record the calls answered.<br>\n\u2022 Sale of additional services.<br>\n\u2022 Report incidents and passenger accidents that occur.<br>\n\u2022 Prevention, investigation and care of fraudulent activities and\/or any other type of criminal activity.<br>\n\u2022 Respond to advice and queries via chat and\/or by any other means.<br>\n\u2022 Address emergency situations, acts of God or force majeure, and inform the competent authorities.<\/p>\n<p>b) Secondary. Different purposes and that do not give rise to the legal relationship between you and Nassf Travel, but that are extremely useful to us<br \/>\nto provide you with a better service and pursue our legitimate business interests:<\/p>\n<p class=\"translation-block\">\u2022 Surveys, evaluation and monitoring of the air transport services provided.<br>\n\u2022 Contact him to know his opinion and experience of the trip made.<br>\n\u2022 Inform you and\/or offer you products, services and promotions of our company Nassf Travel.<br>\n\u2022 Marketing, publicity and commercial prospecting.<br>\n\u2022 Strengthening of our brands, being able to select and use comments that you publish on social networks in relation to Nassf Travel.<br>\n\u2022 Enable you to participate in contests and\/or raffles that we organize.<\/p>\n<\/div><\/div><h4 class=\"w-text\"><span class=\"w-text-h\"><span class=\"w-text-value\">6.- Personal data of minors and people in a state of interdiction<\/span><\/span><\/h4><div class=\"wpb_text_column\"><div class=\"wpb_wrapper\"><p>We inform you that it is in our special interest to take care of the personal information of minors and people in a state of interdiction. The owner who provides us with personal data of minors or interdicts, declares under oath to tell the truth that he exercises parental authority or guardianship over them, and accepts on his behalf the terms of this privacy notice. Nassf Travel will treat and protect said personal data under strict security and confidentiality measures.<\/p>\n<\/div><\/div><h4 class=\"w-text\"><span class=\"w-text-h\"><span class=\"w-text-value\">7.- Transfer of personal data<\/span><\/span><\/h4><div class=\"wpb_text_column\"><div class=\"wpb_wrapper\"><p>In order for you to be able to travel, it may be mandatory (if required by the Administration at the points of departure and\/or arrival) to disclose and process your personal data for the purposes of coordination with the providers of the services provided for the execution of your trip, security and the fight against terrorism, and with any other objective they deem appropriate. We may share the minimum necessary personal data with other authorities if we are required or empowered by law to do so.<\/p>\n<\/div><\/div><h4 class=\"w-text\"><span class=\"w-text-h\"><span class=\"w-text-value\">8.- Refusal to process personal data for secondary purposes.<\/span><\/span><\/h4><div class=\"wpb_text_column\"><div class=\"wpb_wrapper\"><p>We reserve the right to make changes or updates to this privacy notice at any time in response to new legislation, internal policies or new requirements for the provision or offering of our services or products. The updated version will be available to the public through any of the following means:<\/p>\n<ul>\n<li>On our website, which we suggest you visit frequently.<\/li>\n<li>We can send you the contact number that you have provided us, through a WhatsApp.<\/li>\n<\/ul>\n<\/div><\/div><h4 class=\"w-text\"><span class=\"w-text-h\"><span class=\"w-text-value\">9.- Modifications to this Privacy Notice.<\/span><\/span><\/h4><div class=\"wpb_text_column\"><div class=\"wpb_wrapper\"><p>In order for you to be able to travel, it may be mandatory (if required by the Administration at the points of departure and\/or arrival) to disclose and process your personal data for the purposes of coordination with the providers of the services provided for the execution of your trip, security and the fight against terrorism, and with any other objective they deem appropriate. We may share the minimum necessary personal data with other authorities if we are required or empowered by law to do so.<\/p>\n<\/div><\/div><h4 class=\"w-text\"><span class=\"w-text-h\"><span class=\"w-text-value\">10.- Confidentiality<\/span><\/span><\/h4><div class=\"wpb_text_column\"><div class=\"wpb_wrapper\"><p>Nassf Travel, keeps the confidentiality that is the guarantee that personal information will be protected so that it is not disclosed. Nassf Travel will never require credit card numbers, secret codes, or user codes by e-mail. If you suspect an email or call, it is recommended to enter https:\/\/nassftravel.com and modify your personal data as soon as possible, also notify reservas@nassftravel.com about the incident. https:\/\/nassftravel.com may contain \u201clinks\u201d to other sites, which does not indicate that they are owned or operated by Nassf Travel, who will not be responsible for the content, materials, actions and\/or services provided by them, nor for damage or loss caused by its use. The presence of links to other websites does not imply a partnership, relationship, approval or endorsement of Nassf Travel to said pages and their contents.<\/p>\n<\/div><\/div><h4 class=\"w-text\"><span class=\"w-text-h\"><span class=\"w-text-value\">11. \u2013 Use of cookies and web.<\/span><\/span><\/h4><div class=\"wpb_text_column\"><div class=\"wpb_wrapper\"><p class=\"translation-block\">This website uses cookies. A cookie is a very small text file that can be stored on a computer\u2019s hard drive to store some type of information about the client and that can only be read by the website that issued said cookie. In no case will cookies be executable files, so they do not contain viruses. The cookies used do NOT collect personal data from users (names, surnames, address, bank details or any other). Everyone can configure their browser to accept or not the cookies sent or for the browser to warn when a server tries to save a cookie in (LINK). However, the user must take into account that this could cause not being able to obtain all the functionality that this website offers.<\/p>\n<\/div><\/div><\/div><\/div><\/div><\/div><\/section>","protected":false},"excerpt":{"rendered":"1. Pol\u00edtica de Privacidad y Seguridad.La Pol\u00edtica de Privacidad refleja el compromiso de Naturaleza Sostenible Sin Fronteras S.A.C con nombre comercial Nassf Travel por mantener y garantizar relaciones comerciales seguras mediante la protecci\u00f3n de los datos personales, garantizando el derecho a la privacidad de cada uno de los usuarios de nuestros servicios. En este documento...","protected":false},"author":1,"featured_media":0,"parent":0,"menu_order":0,"comment_status":"closed","ping_status":"open","template":"","meta":{"_acf_changed":false,"footnotes":""},"class_list":["post-3","page","type-page","status-publish","hentry"],"acf":[],"yoast_head":"<!-- This site is optimized with the Yoast SEO plugin v26.3 - https:\/\/yoast.com\/wordpress\/plugins\/seo\/ -->\n<title>Pol\u00edtica de privacidad - Nassf Travel<\/title>\n<meta name=\"robots\" content=\"index, follow, max-snippet:-1, max-image-preview:large, max-video-preview:-1\" \/>\n<link rel=\"canonical\" href=\"https:\/\/nassftravel.com\/en\/politica-privacidad\/\" \/>\n<meta property=\"og:locale\" content=\"en_US\" \/>\n<meta property=\"og:type\" content=\"article\" \/>\n<meta property=\"og:title\" content=\"Pol\u00edtica de privacidad - Nassf Travel\" \/>\n<meta property=\"og:url\" content=\"https:\/\/nassftravel.com\/en\/politica-privacidad\/\" \/>\n<meta property=\"og:site_name\" content=\"Nassf Travel\" \/>\n<meta property=\"article:publisher\" content=\"https:\/\/www.facebook.com\/NassfTravel\/\" \/>\n<meta property=\"article:modified_time\" content=\"2025-07-23T21:18:05+00:00\" \/>\n<meta name=\"twitter:card\" content=\"summary_large_image\" \/>\n<meta name=\"twitter:site\" content=\"@NassfTravel\" \/>\n<meta name=\"twitter:label1\" content=\"Est. reading time\" \/>\n\t<meta name=\"twitter:data1\" content=\"7 minutes\" \/>\n<script type=\"application\/ld+json\" class=\"yoast-schema-graph\">{\"@context\":\"https:\/\/schema.org\",\"@graph\":[{\"@type\":\"WebPage\",\"@id\":\"https:\/\/nassftravel.com\/politica-privacidad\/\",\"url\":\"https:\/\/nassftravel.com\/politica-privacidad\/\",\"name\":\"Pol\u00edtica de privacidad - Nassf Travel\",\"isPartOf\":{\"@id\":\"https:\/\/nassftravel.com\/#website\"},\"datePublished\":\"2025-07-19T16:03:53+00:00\",\"dateModified\":\"2025-07-23T21:18:05+00:00\",\"breadcrumb\":{\"@id\":\"https:\/\/nassftravel.com\/politica-privacidad\/#breadcrumb\"},\"inLanguage\":\"en-US\",\"potentialAction\":[{\"@type\":\"ReadAction\",\"target\":[\"https:\/\/nassftravel.com\/politica-privacidad\/\"]}]},{\"@type\":\"BreadcrumbList\",\"@id\":\"https:\/\/nassftravel.com\/politica-privacidad\/#breadcrumb\",\"itemListElement\":[{\"@type\":\"ListItem\",\"position\":1,\"name\":\"Portada\",\"item\":\"https:\/\/nassftravel.com\/\"},{\"@type\":\"ListItem\",\"position\":2,\"name\":\"Pol\u00edtica de privacidad\"}]},{\"@type\":\"WebSite\",\"@id\":\"https:\/\/nassftravel.com\/#website\",\"url\":\"https:\/\/nassftravel.com\/\",\"name\":\"Nassf Travel\",\"description\":\"\",\"publisher\":{\"@id\":\"https:\/\/nassftravel.com\/#organization\"},\"potentialAction\":[{\"@type\":\"SearchAction\",\"target\":{\"@type\":\"EntryPoint\",\"urlTemplate\":\"https:\/\/nassftravel.com\/?s={search_term_string}\"},\"query-input\":{\"@type\":\"PropertyValueSpecification\",\"valueRequired\":true,\"valueName\":\"search_term_string\"}}],\"inLanguage\":\"en-US\"},{\"@type\":\"Organization\",\"@id\":\"https:\/\/nassftravel.com\/#organization\",\"name\":\"Agencia de Viajes\",\"url\":\"https:\/\/nassftravel.com\/\",\"logo\":{\"@type\":\"ImageObject\",\"inLanguage\":\"en-US\",\"@id\":\"https:\/\/nassftravel.com\/#\/schema\/logo\/image\/\",\"url\":\"https:\/\/nassftravel.com\/wp-content\/uploads\/2025\/07\/logo.jpg\",\"contentUrl\":\"https:\/\/nassftravel.com\/wp-content\/uploads\/2025\/07\/logo.jpg\",\"width\":500,\"height\":298,\"caption\":\"Agencia de Viajes\"},\"image\":{\"@id\":\"https:\/\/nassftravel.com\/#\/schema\/logo\/image\/\"},\"sameAs\":[\"https:\/\/www.facebook.com\/NassfTravel\/\",\"https:\/\/x.com\/NassfTravel\",\"https:\/\/www.instagram.com\/nassftravel\/\",\"https:\/\/www.tiktok.com\/@nassftravel\",\"https:\/\/www.linkedin.com\/company\/nassftravel\/\",\"https:\/\/www.youtube.com\/c\/NassfTravel\"]}]}<\/script>\n<!-- \/ Yoast SEO plugin. -->","yoast_head_json":{"title":"Pol\u00edtica de privacidad - Nassf Travel","robots":{"index":"index","follow":"follow","max-snippet":"max-snippet:-1","max-image-preview":"max-image-preview:large","max-video-preview":"max-video-preview:-1"},"canonical":"https:\/\/nassftravel.com\/en\/politica-privacidad\/","og_locale":"en_US","og_type":"article","og_title":"Pol\u00edtica de privacidad - Nassf Travel","og_url":"https:\/\/nassftravel.com\/en\/politica-privacidad\/","og_site_name":"Nassf Travel","article_publisher":"https:\/\/www.facebook.com\/NassfTravel\/","article_modified_time":"2025-07-23T21:18:05+00:00","twitter_card":"summary_large_image","twitter_site":"@NassfTravel","twitter_misc":{"Est. reading time":"7 minutes"},"schema":{"@context":"https:\/\/schema.org","@graph":[{"@type":"WebPage","@id":"https:\/\/nassftravel.com\/politica-privacidad\/","url":"https:\/\/nassftravel.com\/politica-privacidad\/","name":"Pol\u00edtica de privacidad - Nassf Travel","isPartOf":{"@id":"https:\/\/nassftravel.com\/#website"},"datePublished":"2025-07-19T16:03:53+00:00","dateModified":"2025-07-23T21:18:05+00:00","breadcrumb":{"@id":"https:\/\/nassftravel.com\/politica-privacidad\/#breadcrumb"},"inLanguage":"en-US","potentialAction":[{"@type":"ReadAction","target":["https:\/\/nassftravel.com\/politica-privacidad\/"]}]},{"@type":"BreadcrumbList","@id":"https:\/\/nassftravel.com\/politica-privacidad\/#breadcrumb","itemListElement":[{"@type":"ListItem","position":1,"name":"Portada","item":"https:\/\/nassftravel.com\/"},{"@type":"ListItem","position":2,"name":"Pol\u00edtica de privacidad"}]},{"@type":"WebSite","@id":"https:\/\/nassftravel.com\/#website","url":"https:\/\/nassftravel.com\/","name":"Nassf Travel","description":"","publisher":{"@id":"https:\/\/nassftravel.com\/#organization"},"potentialAction":[{"@type":"SearchAction","target":{"@type":"EntryPoint","urlTemplate":"https:\/\/nassftravel.com\/?s={search_term_string}"},"query-input":{"@type":"PropertyValueSpecification","valueRequired":true,"valueName":"search_term_string"}}],"inLanguage":"en-US"},{"@type":"Organization","@id":"https:\/\/nassftravel.com\/#organization","name":"Agencia de Viajes","url":"https:\/\/nassftravel.com\/","logo":{"@type":"ImageObject","inLanguage":"en-US","@id":"https:\/\/nassftravel.com\/#\/schema\/logo\/image\/","url":"https:\/\/nassftravel.com\/wp-content\/uploads\/2025\/07\/logo.jpg","contentUrl":"https:\/\/nassftravel.com\/wp-content\/uploads\/2025\/07\/logo.jpg","width":500,"height":298,"caption":"Agencia de Viajes"},"image":{"@id":"https:\/\/nassftravel.com\/#\/schema\/logo\/image\/"},"sameAs":["https:\/\/www.facebook.com\/NassfTravel\/","https:\/\/x.com\/NassfTravel","https:\/\/www.instagram.com\/nassftravel\/","https:\/\/www.tiktok.com\/@nassftravel","https:\/\/www.linkedin.com\/company\/nassftravel\/","https:\/\/www.youtube.com\/c\/NassfTravel"]}]}},"_links":{"self":[{"href":"https:\/\/nassftravel.com\/en\/wp-json\/wp\/v2\/pages\/3","targetHints":{"allow":["GET"]}}],"collection":[{"href":"https:\/\/nassftravel.com\/en\/wp-json\/wp\/v2\/pages"}],"about":[{"href":"https:\/\/nassftravel.com\/en\/wp-json\/wp\/v2\/types\/page"}],"author":[{"embeddable":true,"href":"https:\/\/nassftravel.com\/en\/wp-json\/wp\/v2\/users\/1"}],"replies":[{"embeddable":true,"href":"https:\/\/nassftravel.com\/en\/wp-json\/wp\/v2\/comments?post=3"}],"version-history":[{"count":0,"href":"https:\/\/nassftravel.com\/en\/wp-json\/wp\/v2\/pages\/3\/revisions"}],"wp:attachment":[{"href":"https:\/\/nassftravel.com\/en\/wp-json\/wp\/v2\/media?parent=3"}],"curies":[{"name":"wp","href":"https:\/\/api.w.org\/{rel}","templated":true}]}}