{"id":75,"date":"2025-07-19T19:29:46","date_gmt":"2025-07-19T17:29:46","guid":{"rendered":"https:\/\/nassftravel.com\/?page_id=75"},"modified":"2025-07-20T16:48:19","modified_gmt":"2025-07-21T00:48:19","slug":"consultoria","status":"publish","type":"page","link":"https:\/\/nassftravel.com\/en\/consultoria\/","title":{"rendered":"Consulting"},"content":{"rendered":"<section class=\"l-section wpb_row height_large with_img parallax_fixed\"><div class=\"l-section-img\" role=\"img\" data-img-width=\"1800\" data-img-height=\"1000\" style=\"background-image: url(https:\/\/nassftravel.com\/wp-content\/uploads\/2025\/07\/slider_cusquenas.jpg);\"><\/div><div class=\"l-section-overlay\" style=\"background:rgba(0,0,0,0.60)\"><\/div><div class=\"l-section-h i-cf\"><div class=\"g-cols vc_row via_grid cols_1 laptops-cols_inherit tablets-cols_inherit mobiles-cols_1 valign_top type_default stacking_default\"><div class=\"wpb_column vc_column_container\"><div class=\"vc_column-inner\"><h1 class=\"w-text us_custom_a6eb20e1 has_text_color\"><span class=\"w-text-h\"><span class=\"w-text-value\">CONSULTING<\/span><\/span><\/h1><\/div><\/div><\/div><\/div><\/section><section class=\"l-section wpb_row height_medium\"><div class=\"l-section-h i-cf\"><div class=\"g-cols vc_row via_grid cols_1 laptops-cols_inherit tablets-cols_inherit mobiles-cols_1 valign_top type_default stacking_default\"><div class=\"wpb_column vc_column_container\"><div class=\"vc_column-inner\"><div class=\"g-cols wpb_row via_grid cols_2 laptops-cols_inherit tablets-cols_inherit mobiles-cols_1 valign_top type_default stacking_default\" style=\"--columns-gap:3rem;\"><div class=\"wpb_column vc_column_container icono_contacto\"><div class=\"vc_column-inner\"><h2 class=\"w-text us_custom_63e87c09\"><span class=\"w-text-h\"><span class=\"w-text-value\">Travel agency specialized in Sustainable Tourism<\/span><\/span><\/h2><div class=\"w-iconbox iconpos_left style_default color_primary align_left no_text\"><a target=\"_blank\" rel=\"nofollow\" href=\"mailto:reservas@nassftravel.com\" class=\"w-iconbox-link\" aria-label=\"liccet@nassftravel.com\"><div class=\"w-iconbox-icon\" style=\"font-size:1.7rem;\"><i class=\"fal fa-envelope-open-text\"><\/i><\/div><\/a><div class=\"w-iconbox-meta\"><h6 class=\"w-iconbox-title\"><a target=\"_blank\" rel=\"nofollow\" href=\"mailto:reservas@nassftravel.com\" class=\"w-iconbox-link\" aria-label=\"liccet@nassftravel.com\">liccet@nassftravel.com<\/a><\/h6><\/div><\/div><div class=\"w-iconbox iconpos_left style_default color_primary align_left\"><a target=\"_blank\" rel=\"nofollow\" href=\"https:\/\/web.whatsapp.com\/send?phone=51971881685\" class=\"w-iconbox-link\" aria-label=\"+51 971881685\"><div class=\"w-iconbox-icon\" style=\"font-size:1.7rem;\"><i class=\"fab fa-whatsapp\"><\/i><\/div><\/a><div class=\"w-iconbox-meta\"><h6 class=\"w-iconbox-title\"><a target=\"_blank\" rel=\"nofollow\" href=\"https:\/\/web.whatsapp.com\/send?phone=51971881685\" class=\"w-iconbox-link\" aria-label=\"+51 971881685\">+51 971881685<\/a><\/h6><div class=\"w-iconbox-text\"><div><\/div>\n<div><span lang=\"ES-MX\">Consulting in sustainability, solid waste management, carbon footprint offsetting in protected natural areas (PNA) in Peru and Ecuador, prior consultation with communities, eco-friendly businesses, among others.<\/span><\/div>\n<div><\/div>\n<div>On-site training programs for businesses and communities.<\/div>\n<\/div><\/div><\/div><\/div><\/div><div class=\"wpb_column vc_column_container\"><div class=\"vc_column-inner\">\n<div class=\"wpcf7 no-js\" id=\"wpcf7-f12157-o1\" lang=\"es-ES\" dir=\"ltr\" data-wpcf7-id=\"12157\">\n<div class=\"screen-reader-response\"><p role=\"status\" aria-live=\"polite\" aria-atomic=\"true\"><\/p> <ul><\/ul><\/div>\n<form action=\"\/en\/wp-json\/wp\/v2\/pages\/75#wpcf7-f12157-o1\" method=\"post\" class=\"wpcf7-form init\" aria-label=\"Formulario de contacto\" novalidate=\"novalidate\" data-status=\"init\" data-trp-original-action=\"\/en\/wp-json\/wp\/v2\/pages\/75#wpcf7-f12157-o1\">\n<fieldset class=\"hidden-fields-container\"><input type=\"hidden\" name=\"_wpcf7\" value=\"12157\" \/><input type=\"hidden\" name=\"_wpcf7_version\" value=\"6.1.3\" \/><input type=\"hidden\" name=\"_wpcf7_locale\" value=\"es_ES\" \/><input type=\"hidden\" name=\"_wpcf7_unit_tag\" value=\"wpcf7-f12157-o1\" \/><input type=\"hidden\" name=\"_wpcf7_container_post\" value=\"0\" \/><input type=\"hidden\" name=\"_wpcf7_posted_data_hash\" value=\"\" \/><input type=\"hidden\" name=\"_wpcf7_recaptcha_response\" value=\"\" \/>\n<\/fieldset>\n<div class=\"capa_formulario_\">\n\t<h3 class=\"titulo_contacto_ text-center\">Request information\n\t<\/h3>\n\t<div class=\"col-12 icono_\">\n\t\t<p><span class=\"wpcf7-form-control-wrap\" data-name=\"nombre\"><input size=\"40\" maxlength=\"400\" class=\"wpcf7-form-control wpcf7-text wpcf7-validates-as-required\" aria-required=\"true\" aria-invalid=\"false\" placeholder=\"Name\" value=\"\" type=\"text\" name=\"nombre\" \/><\/span>\n\t\t<\/p>\n\t<\/div>\n\t<div class=\"col-12 icono_\">\n\t\t<p><span class=\"wpcf7-form-control-wrap\" data-name=\"numero\"><input class=\"wpcf7-form-control wpcf7-number wpcf7-validates-as-required wpcf7-validates-as-number\" aria-required=\"true\" aria-invalid=\"false\" placeholder=\"Telephone\" value=\"\" type=\"number\" name=\"numero\" \/><\/span>\n\t\t<\/p>\n\t<\/div>\n\t<div class=\"col-12 icono_\">\n\t\t<p><span class=\"wpcf7-form-control-wrap\" data-name=\"email\"><input size=\"40\" maxlength=\"400\" class=\"wpcf7-form-control wpcf7-email wpcf7-validates-as-required wpcf7-text wpcf7-validates-as-email\" aria-required=\"true\" aria-invalid=\"false\" placeholder=\"E-mail\" value=\"\" type=\"email\" name=\"email\" \/><\/span>\n\t\t<\/p>\n\t<\/div>\n\t<div class=\"col-12 icono_\">\n\t\t<p><span class=\"wpcf7-form-control-wrap\" data-name=\"nacionalidad\"><input size=\"40\" maxlength=\"400\" class=\"wpcf7-form-control wpcf7-text wpcf7-validates-as-required\" aria-required=\"true\" aria-invalid=\"false\" placeholder=\"Nationality\" value=\"\" type=\"text\" name=\"nacionalidad\" \/><\/span>\n\t\t<\/p>\n\t<\/div>\n\t<div class=\"col-12 icono_\">\n\t\t<p><span class=\"wpcf7-form-control-wrap\" data-name=\"mensaje\"><textarea cols=\"40\" rows=\"10\" maxlength=\"2000\" class=\"wpcf7-form-control wpcf7-textarea\" aria-invalid=\"false\" placeholder=\"How can we help\" name=\"mensaje\"><\/textarea><\/span>\n\t\t<\/p>\n\t<\/div>\n\t<div class=\"col-12 icono_ center\">\n\t\t<p><input class=\"wpcf7-form-control wpcf7-submit has-spinner\" type=\"submit\" value=\"SEND\" \/>\n\t\t<\/p>\n\t<\/div>\n<\/div><div class=\"wpcf7-response-output\" aria-hidden=\"true\"><\/div>\n<input type=\"hidden\" name=\"trp-form-language\" value=\"en\"\/><\/form>\n<\/div>\n<\/div><\/div><\/div><\/div><\/div><\/div><\/div><\/section><section class=\"l-section wpb_row height_auto width_full\"><div class=\"l-section-h i-cf\"><div class=\"g-cols vc_row via_grid cols_1 laptops-cols_inherit tablets-cols_inherit mobiles-cols_1 valign_top type_default stacking_default\"><div class=\"wpb_column vc_column_container\"><div class=\"vc_column-inner\"><div class=\"w-image align_none\"><div class=\"w-image-h\"><img decoding=\"async\" width=\"1920\" height=\"1080\" src=\"https:\/\/nassftravel.com\/wp-content\/uploads\/2025\/07\/fondo-consultoria.jpg\" class=\"attachment-full size-full\" alt=\"\" loading=\"lazy\" srcset=\"https:\/\/nassftravel.com\/wp-content\/uploads\/2025\/07\/fondo-consultoria.jpg 1920w, https:\/\/nassftravel.com\/wp-content\/uploads\/2025\/07\/fondo-consultoria-600x338.jpg 600w, https:\/\/nassftravel.com\/wp-content\/uploads\/2025\/07\/fondo-consultoria-300x169.jpg 300w, https:\/\/nassftravel.com\/wp-content\/uploads\/2025\/07\/fondo-consultoria-1024x576.jpg 1024w, https:\/\/nassftravel.com\/wp-content\/uploads\/2025\/07\/fondo-consultoria-18x10.jpg 18w\" sizes=\"auto, (max-width: 1920px) 100vw, 1920px\" \/><\/div><\/div><\/div><\/div><\/div><\/div><\/section>","protected":false},"excerpt":{"rendered":"CONSULTOR\u00cdAConsultor\u00eda, Asesor\u00eda T\u00e9cnica y Capacitacionesliccet@nassftravel.com+51 971881685 Consultor\u00eda en Sostenibilidad, gesti\u00f3n de residuos s\u00f3lidos, compensaci\u00f3n de huella de carbono en ANP en Per\u00fa y Ecuador, consulta previa en comunidades, negocios ecoamigables entre otros. Capacitaciones para empresas y comunidades in house Solicita Informaci\u00f3n","protected":false},"author":1,"featured_media":0,"parent":0,"menu_order":0,"comment_status":"closed","ping_status":"closed","template":"","meta":{"_acf_changed":false,"footnotes":""},"class_list":["post-75","page","type-page","status-publish","hentry"],"acf":[],"yoast_head":"<!-- This site is optimized with the Yoast SEO plugin v26.3 - https:\/\/yoast.com\/wordpress\/plugins\/seo\/ -->\n<title>Consultor\u00eda - Nassf Travel<\/title>\n<meta name=\"robots\" content=\"index, follow, max-snippet:-1, max-image-preview:large, max-video-preview:-1\" \/>\n<link rel=\"canonical\" href=\"https:\/\/nassftravel.com\/en\/consultoria\/\" \/>\n<meta property=\"og:locale\" content=\"en_US\" \/>\n<meta property=\"og:type\" content=\"article\" \/>\n<meta property=\"og:title\" content=\"Consultor\u00eda - Nassf Travel\" \/>\n<meta property=\"og:url\" content=\"https:\/\/nassftravel.com\/en\/consultoria\/\" \/>\n<meta property=\"og:site_name\" content=\"Nassf Travel\" \/>\n<meta property=\"article:publisher\" content=\"https:\/\/www.facebook.com\/NassfTravel\/\" \/>\n<meta property=\"article:modified_time\" content=\"2025-07-21T00:48:19+00:00\" \/>\n<meta name=\"twitter:card\" content=\"summary_large_image\" \/>\n<meta name=\"twitter:site\" content=\"@NassfTravel\" \/>\n<meta name=\"twitter:label1\" content=\"Est. reading time\" \/>\n\t<meta name=\"twitter:data1\" content=\"1 minute\" \/>\n<script type=\"application\/ld+json\" class=\"yoast-schema-graph\">{\"@context\":\"https:\/\/schema.org\",\"@graph\":[{\"@type\":\"WebPage\",\"@id\":\"https:\/\/nassftravel.com\/consultoria\/\",\"url\":\"https:\/\/nassftravel.com\/consultoria\/\",\"name\":\"Consultor\u00eda - Nassf Travel\",\"isPartOf\":{\"@id\":\"https:\/\/nassftravel.com\/#website\"},\"datePublished\":\"2025-07-19T17:29:46+00:00\",\"dateModified\":\"2025-07-21T00:48:19+00:00\",\"breadcrumb\":{\"@id\":\"https:\/\/nassftravel.com\/consultoria\/#breadcrumb\"},\"inLanguage\":\"en-US\",\"potentialAction\":[{\"@type\":\"ReadAction\",\"target\":[\"https:\/\/nassftravel.com\/consultoria\/\"]}]},{\"@type\":\"BreadcrumbList\",\"@id\":\"https:\/\/nassftravel.com\/consultoria\/#breadcrumb\",\"itemListElement\":[{\"@type\":\"ListItem\",\"position\":1,\"name\":\"Portada\",\"item\":\"https:\/\/nassftravel.com\/\"},{\"@type\":\"ListItem\",\"position\":2,\"name\":\"Consultor\u00eda\"}]},{\"@type\":\"WebSite\",\"@id\":\"https:\/\/nassftravel.com\/#website\",\"url\":\"https:\/\/nassftravel.com\/\",\"name\":\"Nassf Travel\",\"description\":\"\",\"publisher\":{\"@id\":\"https:\/\/nassftravel.com\/#organization\"},\"potentialAction\":[{\"@type\":\"SearchAction\",\"target\":{\"@type\":\"EntryPoint\",\"urlTemplate\":\"https:\/\/nassftravel.com\/?s={search_term_string}\"},\"query-input\":{\"@type\":\"PropertyValueSpecification\",\"valueRequired\":true,\"valueName\":\"search_term_string\"}}],\"inLanguage\":\"en-US\"},{\"@type\":\"Organization\",\"@id\":\"https:\/\/nassftravel.com\/#organization\",\"name\":\"Agencia de Viajes\",\"url\":\"https:\/\/nassftravel.com\/\",\"logo\":{\"@type\":\"ImageObject\",\"inLanguage\":\"en-US\",\"@id\":\"https:\/\/nassftravel.com\/#\/schema\/logo\/image\/\",\"url\":\"https:\/\/nassftravel.com\/wp-content\/uploads\/2025\/07\/logo.jpg\",\"contentUrl\":\"https:\/\/nassftravel.com\/wp-content\/uploads\/2025\/07\/logo.jpg\",\"width\":500,\"height\":298,\"caption\":\"Agencia de Viajes\"},\"image\":{\"@id\":\"https:\/\/nassftravel.com\/#\/schema\/logo\/image\/\"},\"sameAs\":[\"https:\/\/www.facebook.com\/NassfTravel\/\",\"https:\/\/x.com\/NassfTravel\",\"https:\/\/www.instagram.com\/nassftravel\/\",\"https:\/\/www.tiktok.com\/@nassftravel\",\"https:\/\/www.linkedin.com\/company\/nassftravel\/\",\"https:\/\/www.youtube.com\/c\/NassfTravel\"]}]}<\/script>\n<!-- \/ Yoast SEO plugin. -->","yoast_head_json":{"title":"Consultor\u00eda - Nassf Travel","robots":{"index":"index","follow":"follow","max-snippet":"max-snippet:-1","max-image-preview":"max-image-preview:large","max-video-preview":"max-video-preview:-1"},"canonical":"https:\/\/nassftravel.com\/en\/consultoria\/","og_locale":"en_US","og_type":"article","og_title":"Consultor\u00eda - Nassf Travel","og_url":"https:\/\/nassftravel.com\/en\/consultoria\/","og_site_name":"Nassf Travel","article_publisher":"https:\/\/www.facebook.com\/NassfTravel\/","article_modified_time":"2025-07-21T00:48:19+00:00","twitter_card":"summary_large_image","twitter_site":"@NassfTravel","twitter_misc":{"Est. reading time":"1 minute"},"schema":{"@context":"https:\/\/schema.org","@graph":[{"@type":"WebPage","@id":"https:\/\/nassftravel.com\/consultoria\/","url":"https:\/\/nassftravel.com\/consultoria\/","name":"Consultor\u00eda - Nassf Travel","isPartOf":{"@id":"https:\/\/nassftravel.com\/#website"},"datePublished":"2025-07-19T17:29:46+00:00","dateModified":"2025-07-21T00:48:19+00:00","breadcrumb":{"@id":"https:\/\/nassftravel.com\/consultoria\/#breadcrumb"},"inLanguage":"en-US","potentialAction":[{"@type":"ReadAction","target":["https:\/\/nassftravel.com\/consultoria\/"]}]},{"@type":"BreadcrumbList","@id":"https:\/\/nassftravel.com\/consultoria\/#breadcrumb","itemListElement":[{"@type":"ListItem","position":1,"name":"Portada","item":"https:\/\/nassftravel.com\/"},{"@type":"ListItem","position":2,"name":"Consultor\u00eda"}]},{"@type":"WebSite","@id":"https:\/\/nassftravel.com\/#website","url":"https:\/\/nassftravel.com\/","name":"Nassf Travel","description":"","publisher":{"@id":"https:\/\/nassftravel.com\/#organization"},"potentialAction":[{"@type":"SearchAction","target":{"@type":"EntryPoint","urlTemplate":"https:\/\/nassftravel.com\/?s={search_term_string}"},"query-input":{"@type":"PropertyValueSpecification","valueRequired":true,"valueName":"search_term_string"}}],"inLanguage":"en-US"},{"@type":"Organization","@id":"https:\/\/nassftravel.com\/#organization","name":"Agencia de Viajes","url":"https:\/\/nassftravel.com\/","logo":{"@type":"ImageObject","inLanguage":"en-US","@id":"https:\/\/nassftravel.com\/#\/schema\/logo\/image\/","url":"https:\/\/nassftravel.com\/wp-content\/uploads\/2025\/07\/logo.jpg","contentUrl":"https:\/\/nassftravel.com\/wp-content\/uploads\/2025\/07\/logo.jpg","width":500,"height":298,"caption":"Agencia de Viajes"},"image":{"@id":"https:\/\/nassftravel.com\/#\/schema\/logo\/image\/"},"sameAs":["https:\/\/www.facebook.com\/NassfTravel\/","https:\/\/x.com\/NassfTravel","https:\/\/www.instagram.com\/nassftravel\/","https:\/\/www.tiktok.com\/@nassftravel","https:\/\/www.linkedin.com\/company\/nassftravel\/","https:\/\/www.youtube.com\/c\/NassfTravel"]}]}},"_links":{"self":[{"href":"https:\/\/nassftravel.com\/en\/wp-json\/wp\/v2\/pages\/75","targetHints":{"allow":["GET"]}}],"collection":[{"href":"https:\/\/nassftravel.com\/en\/wp-json\/wp\/v2\/pages"}],"about":[{"href":"https:\/\/nassftravel.com\/en\/wp-json\/wp\/v2\/types\/page"}],"author":[{"embeddable":true,"href":"https:\/\/nassftravel.com\/en\/wp-json\/wp\/v2\/users\/1"}],"replies":[{"embeddable":true,"href":"https:\/\/nassftravel.com\/en\/wp-json\/wp\/v2\/comments?post=75"}],"version-history":[{"count":0,"href":"https:\/\/nassftravel.com\/en\/wp-json\/wp\/v2\/pages\/75\/revisions"}],"wp:attachment":[{"href":"https:\/\/nassftravel.com\/en\/wp-json\/wp\/v2\/media?parent=75"}],"curies":[{"name":"wp","href":"https:\/\/api.w.org\/{rel}","templated":true}]}}